{"id":596,"date":"2014-11-14T17:07:25","date_gmt":"2014-11-14T16:07:25","guid":{"rendered":"http:\/\/lausitzer-museenland.de\/?page_id=596"},"modified":"2014-12-17T17:10:54","modified_gmt":"2014-12-17T16:10:54","slug":"echte-hutprobierstation","status":"publish","type":"page","link":"https:\/\/www.lausitzer-museenland.de\/pl\/serwis\/kobi\/real-hat-tasting-station\/","title":{"rendered":"Stacja degustacji prawdziwego kapelusza w Muzeum Miasta i Przemys\u0142u w Guben"},"content":{"rendered":"<p>Po kr\u00f3tkim wprowadzeniu uczniowie b\u0119d\u0105 mogli wybra\u0107 kapelusze i nakrycia g\u0142owy z bogatej oferty na stanowisku do przymierzania kapeluszy. Mo\u017cliwe jest fotografowanie przez osoby towarzysz\u0105ce.<\/p>\n<p>Oferta odbywa si\u0119 w pomieszczeniach zamkni\u0119tych i jest skierowana do dzieci w wieku przedszkolnym oraz uczni\u00f3w do klasy 10.<br \/>\nTerminy: po uzgodnieniu<br \/>\nRejestracja wst\u0119pna: co najmniej 2 dni wcze\u015bniej<br \/>\nCzas trwania: od 1 do 1,5 godziny<br \/>\nWielko\u015b\u0107 grupy: od 5 do 30 os\u00f3b<br \/>\nWst\u0119p od osoby: 1,50 \u20ac (szko\u0142y i \u015bwietlice w Guben maj\u0105 wst\u0119p wolny)<\/p>\n<p><a title=\"Muzeum Miejskie i Przemys\u0142owe w Guben \/ M\u011bs\u0107a\u0144ski a industrijowy muzej Gubin\" href=\"\/museen\/stadt-und-industriemuseum-guben\/\">Muzeum Miasta i Przemys\u0142u w Guben<\/a><\/p>","protected":false},"excerpt":{"rendered":"<p>Po kr\u00f3tkiej prezentacji uczniowie b\u0119d\u0105 mogli wybra\u0107 kapelusze i nakrycia g\u0142owy z bogatej oferty na stanowisku do przymierzania kapeluszy. Fotografie mog\u0105 by\u0107 wykonywane przez osoby towarzysz\u0105ce. Oferta odbywa si\u0119 w pomieszczeniach zamkni\u0119tych i jest skierowana do dzieci w wieku przedszkolnym oraz uczni\u00f3w do klasy 10. Terminy: po uzgodnieniu Zapisy: co najmniej 2 dni wcze\u015bniej Czas trwania: od 1 do 1,5<\/p>","protected":false},"author":13,"featured_media":0,"parent":380,"menu_order":0,"comment_status":"closed","ping_status":"closed","template":"","meta":[],"_links":{"self":[{"href":"https:\/\/www.lausitzer-museenland.de\/pl\/wp-json\/wp\/v2\/pages\/596"}],"collection":[{"href":"https:\/\/www.lausitzer-museenland.de\/pl\/wp-json\/wp\/v2\/pages"}],"about":[{"href":"https:\/\/www.lausitzer-museenland.de\/pl\/wp-json\/wp\/v2\/types\/page"}],"author":[{"embeddable":true,"href":"https:\/\/www.lausitzer-museenland.de\/pl\/wp-json\/wp\/v2\/users\/13"}],"replies":[{"embeddable":true,"href":"https:\/\/www.lausitzer-museenland.de\/pl\/wp-json\/wp\/v2\/comments?post=596"}],"version-history":[{"count":3,"href":"https:\/\/www.lausitzer-museenland.de\/pl\/wp-json\/wp\/v2\/pages\/596\/revisions"}],"predecessor-version":[{"id":3603,"href":"https:\/\/www.lausitzer-museenland.de\/pl\/wp-json\/wp\/v2\/pages\/596\/revisions\/3603"}],"up":[{"embeddable":true,"href":"https:\/\/www.lausitzer-museenland.de\/pl\/wp-json\/wp\/v2\/pages\/380"}],"wp:attachment":[{"href":"https:\/\/www.lausitzer-museenland.de\/pl\/wp-json\/wp\/v2\/media?parent=596"}],"curies":[{"name":"wp","href":"https:\/\/api.w.org\/{rel}","templated":true}]}}