{"id":603,"date":"2014-11-14T17:10:15","date_gmt":"2014-11-14T16:10:15","guid":{"rendered":"http:\/\/lausitzer-museenland.de\/?page_id=603"},"modified":"2017-04-05T12:43:18","modified_gmt":"2017-04-05T11:43:18","slug":"stadtfuehrung-und-stadtrallye","status":"publish","type":"page","link":"https:\/\/www.lausitzer-museenland.de\/pl\/serwis\/kobi\/zwiedzanie-miasta-i-rajd-miejski\/","title":{"rendered":"Zwiedzanie miasta i rajd miejski w Brandenburskim Muzeum W\u0142\u00f3kiennictwa w Forst"},"content":{"rendered":"<p>Cho\u0107 raz dzieci bardzo uwa\u017cnie poznaj\u0105 nasze rodzinne miasto Forst (\u0141u\u017cyce), spaceruj\u0105 po starych uliczkach i dowiaduj\u0105 si\u0119 wiele o historii tego niegdy\u015b tak t\u0119tni\u0105cego \u017cyciem miasta w\u0142\u00f3kienniczego. Dlaczego na niekt\u00f3rych ulicach do dzi\u015b znajduj\u0105 si\u0119 ma\u0142e tory kolejowe? Dzieci maj\u0105 okazj\u0119 wyruszy\u0107 na poszukiwanie wskaz\u00f3wek. Otrzymuj\u0105 ciekawe wskaz\u00f3wki dotycz\u0105ce konkretnych budynk\u00f3w lub obiekt\u00f3w, kt\u00f3rych szukaj\u0105. Dzi\u0119ki tym informacjom mog\u0105 odnale\u017a\u0107 poszukiwany budynek - a \u017ceby ostatecznie rozwi\u0105za\u0107 zagadk\u0119, robi\u0105 mu zdj\u0119cie.<\/p>\n<p>Dodatkowo mo\u017cemy zorganizowa\u0107 zwiedzanie krypty (1,00 \u20ac) i\/lub wej\u015bcie na wie\u017c\u0119 (2,50 \u20ac) w ko\u015bciele Stadtkirche. Koszty te s\u0105 nast\u0119pnie wp\u0142acane na rzecz ko\u015bcio\u0142a miejskiego (Stadtkirche).<\/p>\n<p>Oferta odbywa si\u0119 w pomieszczeniach i na zewn\u0105trz i jest skierowana do dzieci w wieku szkolnym.<br \/>\nz klas 3-6.<br \/>\nTerminy: po uzgodnieniu<br \/>\nWcze\u015bniejsza rezerwacja: co najmniej 1 tydzie\u0144 wcze\u015bniej<br \/>\nCzas trwania: ok. 2 do 2,5 godz.<br \/>\nWielko\u015b\u0107 grupy: od 5 do 30 os\u00f3b<br \/>\nWst\u0119p dla jednej osoby: 3,50 \u20ac<\/p>\n<p><a title=\"Brandenburskie Muzeum W\u0142\u00f3kiennictwa Forst (\u0141u\u017cyce) \/ Bramborski tekstilny muzej Bar\u0161\u0107 (\u0141u\u017eyca)\" href=\"\/museen\/brandenburgisches-textilmuseum-forst\/\">Brandenburskie Muzeum W\u0142\u00f3kiennictwa Forst<\/a><\/p>","protected":false},"excerpt":{"rendered":"<p>Cho\u0107 raz dzieci bardzo uwa\u017cnie prze\u017cywaj\u0105 nasze rodzinne miasto Forst (\u0141u\u017cyce), spaceruj\u0105 starymi uliczkami i dowiaduj\u0105 si\u0119 wiele o historii tego niegdy\u015b tak t\u0119tni\u0105cego \u017cyciem miasta w\u0142\u00f3kienniczego. Dlaczego do dzi\u015b na niekt\u00f3rych ulicach znajduj\u0105 si\u0119 ma\u0142e tory kolejowe? Dzieci maj\u0105 okazj\u0119 wyruszy\u0107 na poszukiwanie wskaz\u00f3wek. Otrzymuj\u0105 ciekawe wskaz\u00f3wki dotycz\u0105ce konkretnych budynk\u00f3w lub obiekt\u00f3w, kt\u00f3rych szukaj\u0105.<\/p>","protected":false},"author":13,"featured_media":0,"parent":380,"menu_order":0,"comment_status":"closed","ping_status":"closed","template":"","meta":[],"_links":{"self":[{"href":"https:\/\/www.lausitzer-museenland.de\/pl\/wp-json\/wp\/v2\/pages\/603"}],"collection":[{"href":"https:\/\/www.lausitzer-museenland.de\/pl\/wp-json\/wp\/v2\/pages"}],"about":[{"href":"https:\/\/www.lausitzer-museenland.de\/pl\/wp-json\/wp\/v2\/types\/page"}],"author":[{"embeddable":true,"href":"https:\/\/www.lausitzer-museenland.de\/pl\/wp-json\/wp\/v2\/users\/13"}],"replies":[{"embeddable":true,"href":"https:\/\/www.lausitzer-museenland.de\/pl\/wp-json\/wp\/v2\/comments?post=603"}],"version-history":[{"count":5,"href":"https:\/\/www.lausitzer-museenland.de\/pl\/wp-json\/wp\/v2\/pages\/603\/revisions"}],"predecessor-version":[{"id":8203,"href":"https:\/\/www.lausitzer-museenland.de\/pl\/wp-json\/wp\/v2\/pages\/603\/revisions\/8203"}],"up":[{"embeddable":true,"href":"https:\/\/www.lausitzer-museenland.de\/pl\/wp-json\/wp\/v2\/pages\/380"}],"wp:attachment":[{"href":"https:\/\/www.lausitzer-museenland.de\/pl\/wp-json\/wp\/v2\/media?parent=603"}],"curies":[{"name":"wp","href":"https:\/\/api.w.org\/{rel}","templated":true}]}}