{"id":605,"date":"2014-11-14T17:11:28","date_gmt":"2014-11-14T16:11:28","guid":{"rendered":"http:\/\/lausitzer-museenland.de\/?page_id=605"},"modified":"2017-04-05T12:48:18","modified_gmt":"2017-04-05T11:48:18","slug":"weben-auf-dem-handwebrahmen","status":"publish","type":"page","link":"https:\/\/www.lausitzer-museenland.de\/pl\/serwis\/kobi\/tkactwo-na-recznym-krosnie\/","title":{"rendered":"Tkanie na ramie krosna r\u0119cznego w Brandenburskim Muzeum W\u0142\u00f3kiennictwa w Forst"},"content":{"rendered":"<p>W warsztacie sukienniczym zwiedzaj\u0105cy dowiedz\u0105 si\u0119, jak powstaje tkanina. Widz\u0105 i s\u0142ysz\u0105, jak wykonywano prac\u0119 przy u\u017cyciu historycznych narz\u0119dzi r\u0119cznych i maszyn. W szczeg\u00f3lno\u015bci zwiedzaj\u0105cy mog\u0105 prze\u015bledzi\u0107 rozw\u00f3j techniczny od krosna r\u0119cznego do mechanicznego. Na kolejnych zaj\u0119ciach praktycznych uczniowie \u0107wicz\u0105 tkanie na krosnach r\u0119cznych. Bogata kolorystyka prz\u0119dzy i r\u00f3\u017cne rodzaje prz\u0119dzy z efektami zastosowane jako w\u0105tek tworz\u0105 niepowtarzalne dzie\u0142a sztuki.<\/p>\n<p>Oferta odbywa si\u0119 w pomieszczeniach zamkni\u0119tych i jest skierowana do dzieci w wieku szkolnym.<br \/>\nklas od 3 do 7.<br \/>\nTerminy: po uzgodnieniu<br \/>\nRejestracja wst\u0119pna: co najmniej 1 tydzie\u0144 wcze\u015bniej<br \/>\nCzas trwania: ok. 2 do 2,5 godz.<br \/>\nWielko\u015b\u0107 grupy: od 5 do 30 os\u00f3b<br \/>\nWst\u0119p dla jednej osoby: 3,50 \u20ac<\/p>\n<p><a title=\"Brandenburskie Muzeum W\u0142\u00f3kiennictwa Forst (\u0141u\u017cyce) \/ Bramborski tekstilny muzej Bar\u0161\u0107 (\u0141u\u017eyca)\" href=\"\/museen\/brandenburgisches-textilmuseum-forst\/\">Brandenburskie Muzeum W\u0142\u00f3kiennictwa Forst<\/a><\/p>","protected":false},"excerpt":{"rendered":"<p>W warsztacie sukiennika zwiedzaj\u0105cy dowiaduj\u0105 si\u0119, jak powstaje tkanina. Widz\u0105 i s\u0142ysz\u0105 jak wykonywano prac\u0119 na zabytkowych narz\u0119dziach r\u0119cznych i maszynach. W szczeg\u00f3lno\u015bci zwiedzaj\u0105cy mog\u0105 \u015bledzi\u0107 rozw\u00f3j techniczny od krosna r\u0119cznego do mechanicznego. W kolejnych zaj\u0119ciach praktycznych uczniowie \u0107wicz\u0105 tkanie na ramie handloom.<\/p>","protected":false},"author":13,"featured_media":0,"parent":380,"menu_order":0,"comment_status":"closed","ping_status":"closed","template":"","meta":[],"_links":{"self":[{"href":"https:\/\/www.lausitzer-museenland.de\/pl\/wp-json\/wp\/v2\/pages\/605"}],"collection":[{"href":"https:\/\/www.lausitzer-museenland.de\/pl\/wp-json\/wp\/v2\/pages"}],"about":[{"href":"https:\/\/www.lausitzer-museenland.de\/pl\/wp-json\/wp\/v2\/types\/page"}],"author":[{"embeddable":true,"href":"https:\/\/www.lausitzer-museenland.de\/pl\/wp-json\/wp\/v2\/users\/13"}],"replies":[{"embeddable":true,"href":"https:\/\/www.lausitzer-museenland.de\/pl\/wp-json\/wp\/v2\/comments?post=605"}],"version-history":[{"count":4,"href":"https:\/\/www.lausitzer-museenland.de\/pl\/wp-json\/wp\/v2\/pages\/605\/revisions"}],"predecessor-version":[{"id":8532,"href":"https:\/\/www.lausitzer-museenland.de\/pl\/wp-json\/wp\/v2\/pages\/605\/revisions\/8532"}],"up":[{"embeddable":true,"href":"https:\/\/www.lausitzer-museenland.de\/pl\/wp-json\/wp\/v2\/pages\/380"}],"wp:attachment":[{"href":"https:\/\/www.lausitzer-museenland.de\/pl\/wp-json\/wp\/v2\/media?parent=605"}],"curies":[{"name":"wp","href":"https:\/\/api.w.org\/{rel}","templated":true}]}}