{"id":607,"date":"2014-11-14T17:12:55","date_gmt":"2014-11-14T16:12:55","guid":{"rendered":"http:\/\/lausitzer-museenland.de\/?page_id=607"},"modified":"2017-04-05T12:49:27","modified_gmt":"2017-04-05T11:49:27","slug":"wie-der-maulwurf-zu-einer-hose-kam","status":"publish","type":"page","link":"https:\/\/www.lausitzer-museenland.de\/pl\/serwis\/kobi\/how-the-mole-came-to-pants\/","title":{"rendered":"Jak kret dosta\u0142 par\u0119 spodni w brandenburskim Muzeum Tekstyli\u00f3w w Forst"},"content":{"rendered":"<p>Czytana jest historyjka obrazkowa o kreciku Pauli, kt\u00f3ry chcia\u0142by mie\u0107 spodnie z du\u017cymi kieszeniami. Dzieci s\u0142ysz\u0105 i widz\u0105 w opowiadaniu wiele r\u00f3\u017cnych zwierz\u0105t. Ka\u017cde zwierz\u0119 jest mistrzem innego rzemios\u0142a. Na przyk\u0142ad paj\u0105ki, kt\u00f3re prz\u0119d\u0105 nici dla Paw\u0142a kreta, aby ten m\u00f3g\u0142 z nich utka\u0107 spodnie. Pracowite mr\u00f3wki m\u0142otkiem, pi\u0142\u0105 i stolark\u0105 wykonuj\u0105 krosna. Tkanina jest tkana na kro\u015bnie. Kretowi Pauli i wielu zwierz\u0119tom udaje si\u0119 uszy\u0107 spodnie z du\u017cymi kieszeniami dzi\u0119ki wsp\u00f3lnej pracy. W pokazowym warsztacie sukienniczym dzieci poznaj\u0105 proces powstawania tkaniny podczas demonstracji maszyn.<\/p>\n<p>Dzia\u0142anie: Ubieranie postaci kreta<\/p>\n<p>Oferta odbywa si\u0119 w pomieszczeniach zamkni\u0119tych i jest skierowana do dzieci w wieku szkolnym.<br \/>\nz klas 1 i 2.<br \/>\nTerminy: po uzgodnieniu<br \/>\nRejestracja wst\u0119pna: co najmniej 1 tydzie\u0144 wcze\u015bniej<br \/>\nCzas trwania: ok. 1,5 godz.<br \/>\nWielko\u015b\u0107 grupy: od 5 do 30 os\u00f3b<br \/>\nWst\u0119p dla jednej osoby: 3,50 \u20ac<\/p>\n<p><a title=\"Brandenburskie Muzeum W\u0142\u00f3kiennictwa Forst (\u0141u\u017cyce) \/ Bramborski tekstilny muzej Bar\u0161\u0107 (\u0141u\u017eyca)\" href=\"\/museen\/brandenburgisches-textilmuseum-forst\/\">Brandenburskie Muzeum W\u0142\u00f3kiennictwa Forst<\/a><\/p>","protected":false},"excerpt":{"rendered":"<p>Czytana jest historyjka obrazkowa o krecie Pauli, kt\u00f3ry chce mie\u0107 spodnie z du\u017cymi kieszeniami. Dzieci s\u0142ysz\u0105 i widz\u0105 w opowiadaniu wiele r\u00f3\u017cnych zwierz\u0105t. Ka\u017cde zwierz\u0119 opanowuje inne rzemios\u0142o. Na przyk\u0142ad paj\u0105ki, prz\u0119d\u0105 nici, aby Pawe\u0142 kret m\u00f3g\u0142 utka\u0107 spodnie. Pracowite mr\u00f3wki m\u0142otkiem, pi\u0142\u0105 i cie\u015bl\u0105.<\/p>","protected":false},"author":13,"featured_media":0,"parent":380,"menu_order":0,"comment_status":"closed","ping_status":"closed","template":"","meta":[],"_links":{"self":[{"href":"https:\/\/www.lausitzer-museenland.de\/pl\/wp-json\/wp\/v2\/pages\/607"}],"collection":[{"href":"https:\/\/www.lausitzer-museenland.de\/pl\/wp-json\/wp\/v2\/pages"}],"about":[{"href":"https:\/\/www.lausitzer-museenland.de\/pl\/wp-json\/wp\/v2\/types\/page"}],"author":[{"embeddable":true,"href":"https:\/\/www.lausitzer-museenland.de\/pl\/wp-json\/wp\/v2\/users\/13"}],"replies":[{"embeddable":true,"href":"https:\/\/www.lausitzer-museenland.de\/pl\/wp-json\/wp\/v2\/comments?post=607"}],"version-history":[{"count":4,"href":"https:\/\/www.lausitzer-museenland.de\/pl\/wp-json\/wp\/v2\/pages\/607\/revisions"}],"predecessor-version":[{"id":8697,"href":"https:\/\/www.lausitzer-museenland.de\/pl\/wp-json\/wp\/v2\/pages\/607\/revisions\/8697"}],"up":[{"embeddable":true,"href":"https:\/\/www.lausitzer-museenland.de\/pl\/wp-json\/wp\/v2\/pages\/380"}],"wp:attachment":[{"href":"https:\/\/www.lausitzer-museenland.de\/pl\/wp-json\/wp\/v2\/media?parent=607"}],"curies":[{"name":"wp","href":"https:\/\/api.w.org\/{rel}","templated":true}]}}