{"id":613,"date":"2014-11-14T17:19:06","date_gmt":"2014-11-14T16:19:06","guid":{"rendered":"http:\/\/lausitzer-museenland.de\/?page_id=613"},"modified":"2017-04-05T12:53:16","modified_gmt":"2017-04-05T11:53:16","slug":"wir-stellen-selbst-papier-her","status":"publish","type":"page","link":"https:\/\/www.lausitzer-museenland.de\/pl\/serwis\/kobi\/my-employ-ourself-paper-her\/","title":{"rendered":"Sami robimy papier - w Brandenburskim Muzeum Tekstyli\u00f3w w Forst"},"content":{"rendered":"<p>Ludzie od dawna zostawiaj\u0105 wiadomo\u015bci i nagrywaj\u0105 p\u0142yty. Pierwsi ludzie malowali \u015bciany swoich jaski\u0144, Egipcjanie pisali swoje hieroglify na papirusie, Rzymianie na tabliczkach woskowych, a w \u015bredniowieczu mnisi u\u017cywali pergaminu ze sk\u00f3ry zwierz\u0119cej. Uczniowie dowiaduj\u0105 si\u0119 wielu ciekawych fakt\u00f3w o historii i produkcji papieru oraz o tym, jak sami mog\u0105 go wytwarza\u0107.<\/p>\n<p>Dzia\u0142anie: Tworzenie papieru<\/p>\n<p>Oferta odbywa si\u0119 w pomieszczeniach zamkni\u0119tych i jest skierowana do dzieci w wieku szkolnym.<br \/>\nklas od 3 do 8.<br \/>\nTerminy: po uzgodnieniu<br \/>\nRejestracja wst\u0119pna: co najmniej 1 tydzie\u0144 wcze\u015bniej<br \/>\nCzas trwania: ok. 2 do 2,5 godz.<br \/>\nWielko\u015b\u0107 grupy: od 10 do 30 os\u00f3b<br \/>\nWst\u0119p dla jednej osoby: 3,50 \u20ac<\/p>\n<p><a title=\"Brandenburskie Muzeum W\u0142\u00f3kiennictwa Forst (\u0141u\u017cyce) \/ Bramborski tekstilny muzej Bar\u0161\u0107 (\u0141u\u017eyca)\" href=\"\/museen\/brandenburgisches-textilmuseum-forst\/\">Brandenburskie Muzeum W\u0142\u00f3kiennictwa Forst<\/a><\/p>","protected":false},"excerpt":{"rendered":"<p>Ludzie od dawna zostawiali wiadomo\u015bci lub robili nagrania. Wcze\u015bni ludzie malowali \u015bciany swoich jaski\u0144, Egipcjanie pisali swoje hieroglify na papirusie, Rzymianie na woskowych tabliczkach, a w \u015bredniowieczu mnisi u\u017cywali pergaminu ze sk\u00f3ry zwierz\u0119cej. Uczniowie dowiaduj\u0105 si\u0119 wielu ciekawostek o historii i produkcji papieru oraz o tym, jak sami mog\u0105 go wytwarza\u0107.<\/p>","protected":false},"author":13,"featured_media":0,"parent":380,"menu_order":0,"comment_status":"closed","ping_status":"closed","template":"","meta":[],"_links":{"self":[{"href":"https:\/\/www.lausitzer-museenland.de\/pl\/wp-json\/wp\/v2\/pages\/613"}],"collection":[{"href":"https:\/\/www.lausitzer-museenland.de\/pl\/wp-json\/wp\/v2\/pages"}],"about":[{"href":"https:\/\/www.lausitzer-museenland.de\/pl\/wp-json\/wp\/v2\/types\/page"}],"author":[{"embeddable":true,"href":"https:\/\/www.lausitzer-museenland.de\/pl\/wp-json\/wp\/v2\/users\/13"}],"replies":[{"embeddable":true,"href":"https:\/\/www.lausitzer-museenland.de\/pl\/wp-json\/wp\/v2\/comments?post=613"}],"version-history":[{"count":4,"href":"https:\/\/www.lausitzer-museenland.de\/pl\/wp-json\/wp\/v2\/pages\/613\/revisions"}],"predecessor-version":[{"id":9192,"href":"https:\/\/www.lausitzer-museenland.de\/pl\/wp-json\/wp\/v2\/pages\/613\/revisions\/9192"}],"up":[{"embeddable":true,"href":"https:\/\/www.lausitzer-museenland.de\/pl\/wp-json\/wp\/v2\/pages\/380"}],"wp:attachment":[{"href":"https:\/\/www.lausitzer-museenland.de\/pl\/wp-json\/wp\/v2\/media?parent=613"}],"curies":[{"name":"wp","href":"https:\/\/api.w.org\/{rel}","templated":true}]}}