{"id":617,"date":"2014-11-14T17:24:35","date_gmt":"2014-11-14T16:24:35","guid":{"rendered":"http:\/\/lausitzer-museenland.de\/?page_id=617"},"modified":"2014-12-17T17:17:31","modified_gmt":"2014-12-17T16:17:31","slug":"auf-den-spuren-erwin-strittmatters-in-bohsdorf","status":"publish","type":"page","link":"https:\/\/www.lausitzer-museenland.de\/pl\/serwis\/kobi\/na-tropach-erwin-strittmatters-w-bohsdorfie\/","title":{"rendered":"\u015aladami Erwina Strittmattera w Bohsdorfie"},"content":{"rendered":"<p>W autentycznych miejscach w Bohsdorfie dzieci i m\u0142odzie\u017c zapoznaj\u0105 si\u0119 z \u017cyciem i tw\u00f3rczo\u015bci\u0105 poety Erwina Strittmattera, poznaj\u0105 pi\u0119kno jego j\u0119zyka i b\u0119d\u0105 zach\u0119cane do czytania jego utwor\u00f3w.<\/p>\n<ul>\n<li>Zwiedzanie sklepu z przewodnikiem<\/li>\n<li>Filmy dokumentalne o \u017cyciu i tw\u00f3rczo\u015bci pisarza Erwina Strittmattera<\/li>\n<li>Quiz z nagrodami<\/li>\n<li>Malowanie\/rysowanie na dziedzi\u0144cu lub w miejscu spotka\u0144 \"Unter Eechen\".<\/li>\n<\/ul>\n<p>Program odbywa si\u0119 w pomieszczeniach i na \u015bwie\u017cym powietrzu i jest skierowany do uczni\u00f3w klas 5-12.<br \/>\nTerminy: po uzgodnieniu<br \/>\nRejestracja wst\u0119pna: z co najmniej 2-tygodniowym wyprzedzeniem<\/p>\n<p>Czas trwania:<\/p>\n<ul>\n<li>Zwiedzanie sklepu z przewodnikiem ok. 45 min.<\/li>\n<li>Filmy dokumentalne o \u017cyciu i tw\u00f3rczo\u015bci pisarza Erwina Strittmattera ok. 1 godz.<\/li>\n<li>Malowanie\/rysowanie na dziedzi\u0144cu lub w miejscu spotka\u0144 \"Unter Eechen\".<\/li>\n<li>ok. 2 do 3 godzin<\/li>\n<\/ul>\n<p>Wielko\u015b\u0107 grupy: do 30 os\u00f3b<br \/>\nWst\u0119p dla jednej osoby: 2,50 \u20ac<br \/>\nDzieci i m\u0142odzie\u017c: 0,50 \u20ac<\/p>\n<p><strong>Notatka<\/strong>Oferta ta jest r\u00f3wnie\u017c dost\u0119pna na \u017cyczenie szko\u0142y.<br \/>\nWarunek wst\u0119pny: odtwarzacz DVD powinien by\u0107 dost\u0119pny<\/p>\n<p><a title=\"Miejsce Pami\u0119ci Erwina Strittmattera &quot;The Shop&quot; Bohsdorf \/ Wopomni\u0161\u0107o Erwina Strittmattera &quot;Loda&quot; B\u00f3\u0161ojc\" href=\"\/museen\/erwin-strittmatter-gedenkstaette-der-laden-bohsdorf\/\">Erwin Strittmatter Memoria\u0142 Bohsdorf<\/a><\/p>","protected":false},"excerpt":{"rendered":"<p>W autentycznych miejscach w Bohsdorfie dzieci i m\u0142odzie\u017c zapoznaj\u0105 si\u0119 z \u017cyciem i tw\u00f3rczo\u015bci\u0105 poety Erwina Strittmattera, poznaj\u0105 pi\u0119kno jego j\u0119zyka i b\u0119d\u0105 zach\u0119cane do czytania jego utwor\u00f3w. Zwiedzanie sklepu z przewodnikiem Filmy dokumentalne o \u017cyciu i tw\u00f3rczo\u015bci pisarza Erwina Strittmattera Quiz z nagrodami Malowanie\/rysowanie w sklepie<\/p>","protected":false},"author":13,"featured_media":0,"parent":380,"menu_order":0,"comment_status":"closed","ping_status":"closed","template":"","meta":[],"_links":{"self":[{"href":"https:\/\/www.lausitzer-museenland.de\/pl\/wp-json\/wp\/v2\/pages\/617"}],"collection":[{"href":"https:\/\/www.lausitzer-museenland.de\/pl\/wp-json\/wp\/v2\/pages"}],"about":[{"href":"https:\/\/www.lausitzer-museenland.de\/pl\/wp-json\/wp\/v2\/types\/page"}],"author":[{"embeddable":true,"href":"https:\/\/www.lausitzer-museenland.de\/pl\/wp-json\/wp\/v2\/users\/13"}],"replies":[{"embeddable":true,"href":"https:\/\/www.lausitzer-museenland.de\/pl\/wp-json\/wp\/v2\/comments?post=617"}],"version-history":[{"count":4,"href":"https:\/\/www.lausitzer-museenland.de\/pl\/wp-json\/wp\/v2\/pages\/617\/revisions"}],"predecessor-version":[{"id":3613,"href":"https:\/\/www.lausitzer-museenland.de\/pl\/wp-json\/wp\/v2\/pages\/617\/revisions\/3613"}],"up":[{"embeddable":true,"href":"https:\/\/www.lausitzer-museenland.de\/pl\/wp-json\/wp\/v2\/pages\/380"}],"wp:attachment":[{"href":"https:\/\/www.lausitzer-museenland.de\/pl\/wp-json\/wp\/v2\/media?parent=617"}],"curies":[{"name":"wp","href":"https:\/\/api.w.org\/{rel}","templated":true}]}}