{"id":624,"date":"2014-11-14T17:29:43","date_gmt":"2014-11-14T16:29:43","guid":{"rendered":"http:\/\/lausitzer-museenland.de\/?page_id=624"},"modified":"2017-03-07T10:18:54","modified_gmt":"2017-03-07T09:18:54","slug":"luftfahrtgeschichte-des-flugplatzes","status":"publish","type":"page","link":"https:\/\/www.lausitzer-museenland.de\/pl\/serwis\/kobi\/lotnictwo-historia-lotniska\/","title":{"rendered":"Historia lotnictwa na lotnisku w Cottbus"},"content":{"rendered":"<p>Wystawa po\u015bwi\u0119cona historii lotniska w Cottbus podzielona jest na trzy cz\u0119\u015bci chronologiczne (lata 1916-1945, 1945-1990 i od 1990 r. do chwili obecnej). Od 1933 do 1990 r. lotnisko by\u0142o wykorzystywane do cel\u00f3w wojskowych. Ponadto uczniowie poznaj\u0105 ciekawe fakty dotycz\u0105ce historii lotnictwa na \u0141u\u017cycach.<\/p>\n<p>Oferta odbywa si\u0119 w pomieszczeniach i na zewn\u0105trz i jest skierowana do dzieci w wieku szkolnym.<br \/>\nw klasach od 1 do 10.<br \/>\nTerminy: po uzgodnieniu<br \/>\nRejestracja wst\u0119pna: z co najmniej 2-tygodniowym wyprzedzeniem<\/p>\n<p><a title=\"Muzeum Lotnictwa w Cottbusie \/ L\u011btani\u0161\u0107owy muzej Ch\u00f3\u015bebuz\" href=\"\/museen\/flugplatzmuseum-Cottbus\/\">Muzeum Lotniska w Cottbusie<\/a><\/p>","protected":false},"excerpt":{"rendered":"<p>Wystawa dotycz\u0105ca historii lotniska w Cottbus podzielona jest na trzy cz\u0119\u015bci chronologiczne (lata 1916 do 1945, 1945 do 1990 i od 1990 do dzi\u015b). Lotnisko by\u0142o wykorzystywane do cel\u00f3w wojskowych od 1933 do 1990 roku. Ponadto uczniowie poznaj\u0105 ciekawostki dotycz\u0105ce historii lotnictwa na \u0141u\u017cycach. Program odbywa si\u0119 w pomieszczeniach zamkni\u0119tych i<\/p>","protected":false},"author":13,"featured_media":0,"parent":380,"menu_order":0,"comment_status":"closed","ping_status":"closed","template":"","meta":[],"_links":{"self":[{"href":"https:\/\/www.lausitzer-museenland.de\/pl\/wp-json\/wp\/v2\/pages\/624"}],"collection":[{"href":"https:\/\/www.lausitzer-museenland.de\/pl\/wp-json\/wp\/v2\/pages"}],"about":[{"href":"https:\/\/www.lausitzer-museenland.de\/pl\/wp-json\/wp\/v2\/types\/page"}],"author":[{"embeddable":true,"href":"https:\/\/www.lausitzer-museenland.de\/pl\/wp-json\/wp\/v2\/users\/13"}],"replies":[{"embeddable":true,"href":"https:\/\/www.lausitzer-museenland.de\/pl\/wp-json\/wp\/v2\/comments?post=624"}],"version-history":[{"count":6,"href":"https:\/\/www.lausitzer-museenland.de\/pl\/wp-json\/wp\/v2\/pages\/624\/revisions"}],"predecessor-version":[{"id":6338,"href":"https:\/\/www.lausitzer-museenland.de\/pl\/wp-json\/wp\/v2\/pages\/624\/revisions\/6338"}],"up":[{"embeddable":true,"href":"https:\/\/www.lausitzer-museenland.de\/pl\/wp-json\/wp\/v2\/pages\/380"}],"wp:attachment":[{"href":"https:\/\/www.lausitzer-museenland.de\/pl\/wp-json\/wp\/v2\/media?parent=624"}],"curies":[{"name":"wp","href":"https:\/\/api.w.org\/{rel}","templated":true}]}}