{"id":626,"date":"2014-11-14T17:30:49","date_gmt":"2014-11-14T16:30:49","guid":{"rendered":"http:\/\/lausitzer-museenland.de\/?page_id=626"},"modified":"2014-12-17T17:19:24","modified_gmt":"2014-12-17T16:19:24","slug":"flugplatzgeschichte-von-welzow","status":"publish","type":"page","link":"https:\/\/www.lausitzer-museenland.de\/pl\/serwis\/kobi\/lotnisko-historia-welzow\/","title":{"rendered":"Historia lotniska w Welzow"},"content":{"rendered":"<p>Prezentacja historii lotniska od 1927 r. do chwili obecnej, w tym techniki lotniczej. Zwiedzaj\u0105cy mog\u0105 podziwia\u0107 oryginalne eksponaty, g\u0142\u00f3wnie z okresu II wojny \u015bwiatowej oraz z czas\u00f3w, gdy lotnisko by\u0142o wykorzystywane przez Armi\u0119 Radzieck\u0105. W o\u015bmiu salach tematycznych mo\u017cna zapozna\u0107 si\u0119 z ca\u0142\u0105 histori\u0105 lotniska.<\/p>\n<p>Oferta odbywa si\u0119 w pomieszczeniach zamkni\u0119tych i jest skierowana do dzieci w wieku szkolnym.<br \/>\nw klasach 5-12.<br \/>\nTerminy: po uzgodnieniu<br \/>\nRejestracja wst\u0119pna: co najmniej 1 tydzie\u0144 wcze\u015bniej<br \/>\nCzas trwania: ok. 2 godz.<br \/>\nWielko\u015b\u0107 grupy: od 10 do 30 os\u00f3b<br \/>\nWst\u0119p dla jednej osoby: 2,00 \u20ac<\/p>\n<p><a title=\"Muzeum Lotnictwa w Welzow \/ L\u011btani\u0161\u0107owy muzej Wjelcej\" href=\"\/museen\/flugplatzmuseum-welzow\/\">Muzeum Lotnictwa w Welzow<\/a><\/p>","protected":false},"excerpt":{"rendered":"<p>Prezentacja historii lotniska od 1927 roku do chwili obecnej, z uwzgl\u0119dnieniem techniki lotniczej. Zwiedzaj\u0105cy mog\u0105 podziwia\u0107 oryginalne eksponaty, przede wszystkim z czas\u00f3w II wojny \u015bwiatowej i okresu, kiedy lotnisko by\u0142o wykorzystywane przez Armi\u0119 Radzieck\u0105. W o\u015bmiu pomieszczeniach tematycznych mo\u017cna pozna\u0107 ca\u0142\u0105 histori\u0119 lotniska. Oferta odbywa si\u0119 w pomieszczeniach zamkni\u0119tych i jest skierowana do<\/p>","protected":false},"author":13,"featured_media":0,"parent":380,"menu_order":0,"comment_status":"closed","ping_status":"closed","template":"","meta":[],"_links":{"self":[{"href":"https:\/\/www.lausitzer-museenland.de\/pl\/wp-json\/wp\/v2\/pages\/626"}],"collection":[{"href":"https:\/\/www.lausitzer-museenland.de\/pl\/wp-json\/wp\/v2\/pages"}],"about":[{"href":"https:\/\/www.lausitzer-museenland.de\/pl\/wp-json\/wp\/v2\/types\/page"}],"author":[{"embeddable":true,"href":"https:\/\/www.lausitzer-museenland.de\/pl\/wp-json\/wp\/v2\/users\/13"}],"replies":[{"embeddable":true,"href":"https:\/\/www.lausitzer-museenland.de\/pl\/wp-json\/wp\/v2\/comments?post=626"}],"version-history":[{"count":3,"href":"https:\/\/www.lausitzer-museenland.de\/pl\/wp-json\/wp\/v2\/pages\/626\/revisions"}],"predecessor-version":[{"id":3617,"href":"https:\/\/www.lausitzer-museenland.de\/pl\/wp-json\/wp\/v2\/pages\/626\/revisions\/3617"}],"up":[{"embeddable":true,"href":"https:\/\/www.lausitzer-museenland.de\/pl\/wp-json\/wp\/v2\/pages\/380"}],"wp:attachment":[{"href":"https:\/\/www.lausitzer-museenland.de\/pl\/wp-json\/wp\/v2\/media?parent=626"}],"curies":[{"name":"wp","href":"https:\/\/api.w.org\/{rel}","templated":true}]}}