{"id":628,"date":"2014-11-14T17:32:43","date_gmt":"2014-11-14T16:32:43","guid":{"rendered":"http:\/\/lausitzer-museenland.de\/?page_id=628"},"modified":"2022-06-01T12:02:19","modified_gmt":"2022-06-01T10:02:19","slug":"landwirtschaft-gestern-und-heute","status":"publish","type":"page","link":"https:\/\/www.lausitzer-museenland.de\/pl\/serwis\/kobi\/rolnictwo-gwiazda-dzien\/","title":{"rendered":"Rolnictwo wczoraj i dzi\u015b w stodole muzealnej w Bloischdorfie"},"content":{"rendered":"<p>Aby uzmys\u0142owi\u0107 dzieciom, jak pracoch\u0142onne by\u0142o pieczenie chleba w dawnych czasach, dzieci same formuj\u0105 bochenki chleba z prefabrykowanego ciasta, kt\u00f3re nast\u0119pnie s\u0105 wypiekane w muzealnym piecu. W czasie pieczenia mo\u017cna zwiedzi\u0107 z przewodnikiem dawn\u0105 chlewni\u0119, gdzie prezentowane s\u0105 maszyny rolnicze, takie jak kombajny, kosiarki i grzechotniki do ziemniak\u00f3w. Po powrocie z chlewika dzieci siekaj\u0105 zio\u0142a i przetwarzaj\u0105 je z mas\u0142em i twarogiem. Dzieci jedz\u0105 \u015bwie\u017co upieczony chleb z past\u0105 do smarowania. Na zako\u0144czenie dnia projektowego dzieci rozwi\u0105zuj\u0105 quiz lub krzy\u017c\u00f3wk\u0119.<\/p>\n<p>Oferta odbywa si\u0119 w pomieszczeniach i na zewn\u0105trz i jest skierowana do dzieci w wieku szkolnym.<br \/>\nw klasach od 1 do 8.<br \/>\nTerminy: po uzgodnieniu<br \/>\nRejestracja wst\u0119pna: z co najmniej 3-tygodniowym wyprzedzeniem<br \/>\nCzas trwania: ok. 3 godz.<br \/>\nWielko\u015b\u0107 grupy: od 10 do 30 os\u00f3b<br \/>\nUdzia\u0142 w kosztach na osob\u0119: 7,00 \u20ac<\/p>\n<p><a title=\"Muzeum Dolno\u0142u\u017cyckiej Wsi Serbo\u0142u\u017cyckiej Bloischdorf\/B\u0142obo\u0161ojce\" href=\"\/museen\/niederlausitzer-sorbisches-dorfmuseum-bloischdorf\/\">Stodo\u0142a Muzeum Bloischdorf<\/a><\/p>","protected":false},"excerpt":{"rendered":"<p>Aby zobrazowa\u0107 dzieciom, jak pracoch\u0142onny by\u0142 wypiek chleba w dawnych czasach, dzieci same formuj\u0105 bochenki chleba z prefabrykowanego ciasta, kt\u00f3re nast\u0119pnie s\u0105 wypiekane w muzealnym piecu. W czasie pieczenia odbywa si\u0119 zwiedzanie z przewodnikiem dawnej chlewni, gdzie eksponowane s\u0105 maszyny rolnicze takie jak kombajny, \u017cniwiarki i grzechotki do ziemniak\u00f3w. Po powrocie<\/p>","protected":false},"author":13,"featured_media":0,"parent":380,"menu_order":0,"comment_status":"closed","ping_status":"closed","template":"","meta":[],"_links":{"self":[{"href":"https:\/\/www.lausitzer-museenland.de\/pl\/wp-json\/wp\/v2\/pages\/628"}],"collection":[{"href":"https:\/\/www.lausitzer-museenland.de\/pl\/wp-json\/wp\/v2\/pages"}],"about":[{"href":"https:\/\/www.lausitzer-museenland.de\/pl\/wp-json\/wp\/v2\/types\/page"}],"author":[{"embeddable":true,"href":"https:\/\/www.lausitzer-museenland.de\/pl\/wp-json\/wp\/v2\/users\/13"}],"replies":[{"embeddable":true,"href":"https:\/\/www.lausitzer-museenland.de\/pl\/wp-json\/wp\/v2\/comments?post=628"}],"version-history":[{"count":5,"href":"https:\/\/www.lausitzer-museenland.de\/pl\/wp-json\/wp\/v2\/pages\/628\/revisions"}],"predecessor-version":[{"id":53990,"href":"https:\/\/www.lausitzer-museenland.de\/pl\/wp-json\/wp\/v2\/pages\/628\/revisions\/53990"}],"up":[{"embeddable":true,"href":"https:\/\/www.lausitzer-museenland.de\/pl\/wp-json\/wp\/v2\/pages\/380"}],"wp:attachment":[{"href":"https:\/\/www.lausitzer-museenland.de\/pl\/wp-json\/wp\/v2\/media?parent=628"}],"curies":[{"name":"wp","href":"https:\/\/api.w.org\/{rel}","templated":true}]}}