{"id":636,"date":"2014-11-14T17:36:36","date_gmt":"2014-11-14T16:36:36","guid":{"rendered":"http:\/\/lausitzer-museenland.de\/?page_id=636"},"modified":"2017-04-05T12:55:07","modified_gmt":"2017-04-05T11:55:07","slug":"aus-duennen-faeden-wird-eine-feste-schnur","status":"publish","type":"page","link":"https:\/\/www.lausitzer-museenland.de\/pl\/serwis\/kobi\/aus-duennen-faeden-wird-eine-feste-schnur\/","title":{"rendered":"W brandenburskim Muzeum W\u0142\u00f3kiennictwa w Forst cienkie nici zamieniaj\u0105 si\u0119 w mocny sznur"},"content":{"rendered":"<p>Uczniowie bior\u0105 udzia\u0142 w specjalnym pokazie na maszynie plecionkarskiej w pokazowym warsztacie sukienniczym. Obserwuj\u0105, jak maszyna wytwarza mocny, pleciony sznur poprzez szybkie ruchy obrotowe wok\u00f3\u0142 w\u0142asnej osi oraz poprzez napi\u0119te, ci\u0105gn\u0105ce ruchy. Z wykonanych w ten spos\u00f3b sznurk\u00f3w uczniowie mog\u0105 wykona\u0107 proste lub bardziej skomplikowane elementy bi\u017cuterii. Dawne techniki r\u0119kodzielnicze, takie jak zaplatanie tasiemek czy wi\u0105zanie w\u0119z\u0142\u00f3w w prostych krokach, s\u0105 oferowane jako zaj\u0119cia praktyczne.<\/p>\n<p>Oferta odbywa si\u0119 w pomieszczeniach zamkni\u0119tych i jest skierowana do dzieci w wieku szkolnym.<br \/>\nz klas 3-6.<br \/>\nTerminy: po uzgodnieniu<br \/>\nRejestracja wst\u0119pna: co najmniej 1 tydzie\u0144 wcze\u015bniej<br \/>\nCzas trwania: ok. 1-1,5 godz.<br \/>\nWielko\u015b\u0107 grupy: od 5 do 30 os\u00f3b<br \/>\nWst\u0119p dla jednej osoby: 3,50 \u20ac<\/p>\n<p><a title=\"Brandenburskie Muzeum W\u0142\u00f3kiennictwa Forst (\u0141u\u017cyce) \/ Bramborski tekstilny muzej Bar\u0161\u0107 (\u0141u\u017eyca)\" href=\"\/museen\/brandenburgisches-textilmuseum-forst\/\">Brandenburskie Muzeum W\u0142\u00f3kiennictwa Forst<\/a><\/p>","protected":false},"excerpt":{"rendered":"<p>Uczniowie otrzymuj\u0105 specjalny pokaz na maszynie do zaplatania w pracowni pokazowej sukiennika. Obserwuj\u0105, jak maszyna ta poprzez szybkie ruchy obrotowe wok\u00f3\u0142 w\u0142asnej osi oraz poprzez napi\u0119te, ci\u0105gn\u0105ce ruchy tworzy mocny, pleciony sznur. Z tak wykonanych sznurk\u00f3w uczniowie mog\u0105 wykona\u0107 proste lub bardziej skomplikowane elementy bi\u017cuterii. Dawne techniki r\u0119kodzielnicze, takie jak zaplatanie wst\u0105\u017cek czy robienie w\u0119z\u0142\u00f3w<\/p>","protected":false},"author":13,"featured_media":0,"parent":380,"menu_order":0,"comment_status":"closed","ping_status":"closed","template":"","meta":[],"_links":{"self":[{"href":"https:\/\/www.lausitzer-museenland.de\/pl\/wp-json\/wp\/v2\/pages\/636"}],"collection":[{"href":"https:\/\/www.lausitzer-museenland.de\/pl\/wp-json\/wp\/v2\/pages"}],"about":[{"href":"https:\/\/www.lausitzer-museenland.de\/pl\/wp-json\/wp\/v2\/types\/page"}],"author":[{"embeddable":true,"href":"https:\/\/www.lausitzer-museenland.de\/pl\/wp-json\/wp\/v2\/users\/13"}],"replies":[{"embeddable":true,"href":"https:\/\/www.lausitzer-museenland.de\/pl\/wp-json\/wp\/v2\/comments?post=636"}],"version-history":[{"count":5,"href":"https:\/\/www.lausitzer-museenland.de\/pl\/wp-json\/wp\/v2\/pages\/636\/revisions"}],"predecessor-version":[{"id":9357,"href":"https:\/\/www.lausitzer-museenland.de\/pl\/wp-json\/wp\/v2\/pages\/636\/revisions\/9357"}],"up":[{"embeddable":true,"href":"https:\/\/www.lausitzer-museenland.de\/pl\/wp-json\/wp\/v2\/pages\/380"}],"wp:attachment":[{"href":"https:\/\/www.lausitzer-museenland.de\/pl\/wp-json\/wp\/v2\/media?parent=636"}],"curies":[{"name":"wp","href":"https:\/\/api.w.org\/{rel}","templated":true}]}}