{"id":640,"date":"2014-11-14T17:39:24","date_gmt":"2014-11-14T16:39:24","guid":{"rendered":"http:\/\/lausitzer-museenland.de\/?page_id=640"},"modified":"2017-04-05T13:12:30","modified_gmt":"2017-04-05T12:12:30","slug":"bluetenzauber-aus-stoffresten","status":"publish","type":"page","link":"https:\/\/www.lausitzer-museenland.de\/pl\/serwis\/kobi\/kwiaty-magia-z-tkanin-remnanty\/","title":{"rendered":"Magia kwiat\u00f3w z resztek tkanin w Brandenburskim Muzeum Tekstyli\u00f3w w Forst"},"content":{"rendered":"<p>W warsztacie sukienniczym uczniowie dowiaduj\u0105 si\u0119, jak powstaje tkanina. Widz\u0105 i s\u0142ysz\u0105, jak wykonywano prac\u0119 przy u\u017cyciu historycznych narz\u0119dzi r\u0119cznych i maszyn. Mog\u0105 mi\u0119dzy innymi \u015bledzi\u0107 rozw\u00f3j techniczny od ko\u0142a prz\u0119dzalniczego do maszyny prz\u0119dzalniczej. W tym muzealnym programie edukacyjnym uczniowie pracuj\u0105 z kolorowymi resztkami tkanin z bawe\u0142ny lub tworzyw sztucznych. Mog\u0105 dowolnie dobiera\u0107 kolory zgodnie ze swoj\u0105 wra\u017cliwo\u015bci\u0105. Tworzenie kuli jubilerskiej jest czystym rzemios\u0142em i wymaga nieco wi\u0119cej czasu i wytrwa\u0142o\u015bci.<br \/>\n(U\u017cyj jako dekoracji pokoju lub okna, odpowiedniej na r\u00f3\u017cne pory roku i na Bo\u017ce Narodzenie)<\/p>\n<p>W warsztacie sukienniczym uczniowie dowiaduj\u0105 si\u0119, jak powstaje tkanina. Widz\u0105 i s\u0142ysz\u0105, jak wykonywano prac\u0119 przy u\u017cyciu historycznych narz\u0119dzi r\u0119cznych i maszyn. Mog\u0105 mi\u0119dzy innymi \u015bledzi\u0107 rozw\u00f3j techniczny od ko\u0142a prz\u0119dzalniczego do maszyny prz\u0119dzalniczej. W tym muzealnym programie edukacyjnym uczniowie pracuj\u0105 z kolorowymi resztkami tkanin z bawe\u0142ny lub tworzyw sztucznych. Mog\u0105 dowolnie dobiera\u0107 kolory zgodnie ze swoj\u0105 wra\u017cliwo\u015bci\u0105. Tworzenie kuli jubilerskiej jest czystym rzemios\u0142em i wymaga nieco wi\u0119cej czasu i wytrwa\u0142o\u015bci.<br \/>\n(U\u017cyj jako dekoracji pokoju lub okna, odpowiedniej na r\u00f3\u017cne pory roku i na Bo\u017ce Narodzenie)<\/p>\n<p>Oferta odbywa si\u0119 w pomieszczeniach zamkni\u0119tych i jest skierowana do dzieci w wieku szkolnym.<br \/>\nz klas 4-6.<br \/>\nTerminy: po uzgodnieniu<br \/>\nRejestracja wst\u0119pna: co najmniej 1 tydzie\u0144 wcze\u015bniej<br \/>\nCzas trwania: ok. 2 do 2,5 godz.<br \/>\nWielko\u015b\u0107 grupy: od 5 do 30 os\u00f3b<br \/>\nWst\u0119p dla jednej osoby: 3,50 \u20ac<\/p>\n<p><a title=\"Brandenburskie Muzeum W\u0142\u00f3kiennictwa Forst (\u0141u\u017cyce) \/ Bramborski tekstilny muzej Bar\u0161\u0107 (\u0141u\u017eyca)\" href=\"\/museen\/brandenburgisches-textilmuseum-forst\/\">Brandenburskie Muzeum W\u0142\u00f3kiennictwa Forst<\/a><\/p>","protected":false},"excerpt":{"rendered":"<p>W pracowni sukiennika uczniowie dowiaduj\u0105 si\u0119, jak powstaje tkanina lub materia\u0142. Widz\u0105 i s\u0142ysz\u0105 jak wykonywano prac\u0119 na zabytkowych narz\u0119dziach r\u0119cznych i maszynach. Mog\u0105 mi\u0119dzy innymi \u015bledzi\u0107 rozw\u00f3j techniczny od ko\u0142a prz\u0119dzalniczego do maszyny prz\u0119dzalniczej. W tym muzealnym programie edukacyjnym uczniowie pracuj\u0105 z kolorowymi resztkami tkanin z bawe\u0142ny lub syntetyk\u00f3w. Mog\u0105 one<\/p>","protected":false},"author":13,"featured_media":0,"parent":380,"menu_order":0,"comment_status":"closed","ping_status":"closed","template":"","meta":[],"_links":{"self":[{"href":"https:\/\/www.lausitzer-museenland.de\/pl\/wp-json\/wp\/v2\/pages\/640"}],"collection":[{"href":"https:\/\/www.lausitzer-museenland.de\/pl\/wp-json\/wp\/v2\/pages"}],"about":[{"href":"https:\/\/www.lausitzer-museenland.de\/pl\/wp-json\/wp\/v2\/types\/page"}],"author":[{"embeddable":true,"href":"https:\/\/www.lausitzer-museenland.de\/pl\/wp-json\/wp\/v2\/users\/13"}],"replies":[{"embeddable":true,"href":"https:\/\/www.lausitzer-museenland.de\/pl\/wp-json\/wp\/v2\/comments?post=640"}],"version-history":[{"count":4,"href":"https:\/\/www.lausitzer-museenland.de\/pl\/wp-json\/wp\/v2\/pages\/640\/revisions"}],"predecessor-version":[{"id":11172,"href":"https:\/\/www.lausitzer-museenland.de\/pl\/wp-json\/wp\/v2\/pages\/640\/revisions\/11172"}],"up":[{"embeddable":true,"href":"https:\/\/www.lausitzer-museenland.de\/pl\/wp-json\/wp\/v2\/pages\/380"}],"wp:attachment":[{"href":"https:\/\/www.lausitzer-museenland.de\/pl\/wp-json\/wp\/v2\/media?parent=640"}],"curies":[{"name":"wp","href":"https:\/\/api.w.org\/{rel}","templated":true}]}}