{"id":642,"date":"2014-11-14T17:40:58","date_gmt":"2014-11-14T16:40:58","guid":{"rendered":"http:\/\/lausitzer-museenland.de\/?page_id=642"},"modified":"2017-04-05T13:11:33","modified_gmt":"2017-04-05T12:11:33","slug":"das-biebersteiner-wappen-und-das-forster-stadtwappen","status":"publish","type":"page","link":"https:\/\/www.lausitzer-museenland.de\/pl\/serwis\/kobi\/das-biebersteiner-wappen-und-das-forster-stadtwappen\/","title":{"rendered":"Herb Bieberstein i herb miasta Forst - w Brandenburskim Muzeum W\u0142\u00f3kiennictwa w Forst"},"content":{"rendered":"<p>W tym programie uczniowie poznaj\u0105 ciekawe fakty dotycz\u0105ce nazewnictwa i heraldyki. Wiele nazwisk, takich jak Meier, Schulze czy Lehmann, mia\u0142o kiedy\u015b swoje herby. W\u0142adcy Biebersteinu mieli te\u017c r\u00f3\u017cne herby. Herb miasta Forst wywodzi si\u0119 z du\u017cego herbu Bieberstein. W tym programie uczniowie dowiaduj\u0105 si\u0119, jak wygl\u0105da, jaki ma kszta\u0142t i kolor.<\/p>\n<p>\u0106wiczenie: Arkusze z herbami do kolorowych projekt\u00f3w<\/p>\n<p>Oferta odbywa si\u0119 w pomieszczeniach zamkni\u0119tych i jest skierowana do dzieci w wieku szkolnym.<br \/>\nz klas 3-6.<br \/>\nTerminy: po uzgodnieniu<br \/>\nRejestracja wst\u0119pna: co najmniej 1 tydzie\u0144 wcze\u015bniej<br \/>\nCzas trwania: ok. 1 do 1,5 godz.<br \/>\nWielko\u015b\u0107 grupy: od 5 do 30 os\u00f3b<br \/>\nWst\u0119p dla jednej osoby: 3,50 \u20ac<\/p>\n<p><a title=\"Brandenburskie Muzeum W\u0142\u00f3kiennictwa Forst (\u0141u\u017cyce) \/ Bramborski tekstilny muzej Bar\u0161\u0107 (\u0141u\u017eyca)\" href=\"\/museen\/brandenburgisches-textilmuseum-forst\/\">Brandenburskie Muzeum W\u0142\u00f3kiennictwa Forst<\/a><\/p>","protected":false},"excerpt":{"rendered":"<p>W tym programie uczniowie poznaj\u0105 ciekawostki dotycz\u0105ce nazewnictwa i heraldyki. Wiele nazwisk, takich jak Meier, Schulze czy Lehmann, posiada\u0142o kiedy\u015b herby. Panowie z Biebersteinu mieli te\u017c r\u00f3\u017cne herby. Herb miasta Forst rozwin\u0105\u0142 si\u0119 z du\u017cego herbu Bieberstein. Jak wygl\u0105da, jaki ma kszta\u0142t i kolor, wyja\u015bni\u0105 uczniom w tym<\/p>","protected":false},"author":13,"featured_media":0,"parent":380,"menu_order":0,"comment_status":"closed","ping_status":"closed","template":"","meta":[],"_links":{"self":[{"href":"https:\/\/www.lausitzer-museenland.de\/pl\/wp-json\/wp\/v2\/pages\/642"}],"collection":[{"href":"https:\/\/www.lausitzer-museenland.de\/pl\/wp-json\/wp\/v2\/pages"}],"about":[{"href":"https:\/\/www.lausitzer-museenland.de\/pl\/wp-json\/wp\/v2\/types\/page"}],"author":[{"embeddable":true,"href":"https:\/\/www.lausitzer-museenland.de\/pl\/wp-json\/wp\/v2\/users\/13"}],"replies":[{"embeddable":true,"href":"https:\/\/www.lausitzer-museenland.de\/pl\/wp-json\/wp\/v2\/comments?post=642"}],"version-history":[{"count":4,"href":"https:\/\/www.lausitzer-museenland.de\/pl\/wp-json\/wp\/v2\/pages\/642\/revisions"}],"predecessor-version":[{"id":11007,"href":"https:\/\/www.lausitzer-museenland.de\/pl\/wp-json\/wp\/v2\/pages\/642\/revisions\/11007"}],"up":[{"embeddable":true,"href":"https:\/\/www.lausitzer-museenland.de\/pl\/wp-json\/wp\/v2\/pages\/380"}],"wp:attachment":[{"href":"https:\/\/www.lausitzer-museenland.de\/pl\/wp-json\/wp\/v2\/media?parent=642"}],"curies":[{"name":"wp","href":"https:\/\/api.w.org\/{rel}","templated":true}]}}