{"id":647,"date":"2014-11-14T17:44:10","date_gmt":"2014-11-14T16:44:10","guid":{"rendered":"http:\/\/lausitzer-museenland.de\/?page_id=647"},"modified":"2017-04-05T12:58:58","modified_gmt":"2017-04-05T11:58:58","slug":"patchworkkissen-selbst-naehen","status":"publish","type":"page","link":"https:\/\/www.lausitzer-museenland.de\/pl\/serwis\/kobi\/patchwork-poduszka-samodzielne-szycie\/","title":{"rendered":"Uszyj samodzielnie przytuln\u0105 patchworkow\u0105 poduszk\u0119 w Brandenburskim Muzeum W\u0142\u00f3kiennictwa w Forst"},"content":{"rendered":"<p>Patchwork - ta artystycznie atrakcyjna praca tekstylna oznacza dos\u0142ownie \"patchwork\". Ta kreatywna technika zosta\u0142a po raz pierwszy zastosowana w staro\u017cytnym Egipcie, ponad 2000 lat temu. Przez tysi\u0105ce lat ludzie na ca\u0142ym \u015bwiecie z konieczno\u015bci lub dla zabawy \u0142\u0105czyli ze sob\u0105 kawa\u0142ki tkanin, a nast\u0119pnie zszywali je ze sob\u0105, aby ponownie stworzy\u0107 \"now\u0105 tkanin\u0119\". Pomys\u0142owo\u015b\u0107, r\u00f3\u017cne materia\u0142y i r\u00f3\u017cnice kulturowe zaowocowa\u0142y wieloma r\u00f3\u017cnymi wzorami i technikami patchworkowymi.<\/p>\n<p>Zadanie: Szycie patchworkowej poduszki<\/p>\n<p>Oferta odbywa si\u0119 w pomieszczeniach zamkni\u0119tych i jest skierowana do dzieci w wieku szkolnym.<br \/>\nz klas 6-10.<br \/>\nTerminy: po uzgodnieniu<br \/>\nRejestracja wst\u0119pna: co najmniej 1 tydzie\u0144 wcze\u015bniej<br \/>\nCzas trwania: ok. 1 do 1,5 godz.<br \/>\nWielko\u015b\u0107 grupy: od 5 do 30 os\u00f3b<br \/>\nWst\u0119p dla jednej osoby: 3,50 \u20ac<\/p>\n<p><a title=\"Brandenburskie Muzeum W\u0142\u00f3kiennictwa Forst (\u0141u\u017cyce) \/ Bramborski tekstilny muzej Bar\u0161\u0107 (\u0141u\u017eyca)\" href=\"\/museen\/brandenburgisches-textilmuseum-forst\/\">Brandenburskie Muzeum W\u0142\u00f3kiennictwa Forst<\/a><\/p>","protected":false},"excerpt":{"rendered":"<p>Patchwork - ta artystycznie atrakcyjna praca tekstylna dos\u0142ownie oznacza \"patchwork\". Ta kreatywna technika zosta\u0142a po raz pierwszy wykorzystana w staro\u017cytnym Egipcie, ponad 2000 lat temu. Przez tysi\u0105ce lat ludzie na ca\u0142ym \u015bwiecie z konieczno\u015bci lub dla zabawy puzzlowali kawa\u0142ki tkanin, a nast\u0119pnie zszywali je ze sob\u0105, by zn\u00f3w stworzy\u0107 \"now\u0105 tkanin\u0119\". Poprzez pomys\u0142owo\u015b\u0107, r\u00f3\u017cne materia\u0142y i r\u00f3\u017cnice kulturowe<\/p>","protected":false},"author":13,"featured_media":0,"parent":380,"menu_order":0,"comment_status":"closed","ping_status":"closed","template":"","meta":[],"_links":{"self":[{"href":"https:\/\/www.lausitzer-museenland.de\/pl\/wp-json\/wp\/v2\/pages\/647"}],"collection":[{"href":"https:\/\/www.lausitzer-museenland.de\/pl\/wp-json\/wp\/v2\/pages"}],"about":[{"href":"https:\/\/www.lausitzer-museenland.de\/pl\/wp-json\/wp\/v2\/types\/page"}],"author":[{"embeddable":true,"href":"https:\/\/www.lausitzer-museenland.de\/pl\/wp-json\/wp\/v2\/users\/13"}],"replies":[{"embeddable":true,"href":"https:\/\/www.lausitzer-museenland.de\/pl\/wp-json\/wp\/v2\/comments?post=647"}],"version-history":[{"count":4,"href":"https:\/\/www.lausitzer-museenland.de\/pl\/wp-json\/wp\/v2\/pages\/647\/revisions"}],"predecessor-version":[{"id":9852,"href":"https:\/\/www.lausitzer-museenland.de\/pl\/wp-json\/wp\/v2\/pages\/647\/revisions\/9852"}],"up":[{"embeddable":true,"href":"https:\/\/www.lausitzer-museenland.de\/pl\/wp-json\/wp\/v2\/pages\/380"}],"wp:attachment":[{"href":"https:\/\/www.lausitzer-museenland.de\/pl\/wp-json\/wp\/v2\/media?parent=647"}],"curies":[{"name":"wp","href":"https:\/\/api.w.org\/{rel}","templated":true}]}}