{"id":650,"date":"2014-11-14T17:45:50","date_gmt":"2014-11-14T16:45:50","guid":{"rendered":"http:\/\/lausitzer-museenland.de\/?page_id=650"},"modified":"2017-04-05T13:00:42","modified_gmt":"2017-04-05T12:00:42","slug":"fadenbilder","status":"publish","type":"page","link":"https:\/\/www.lausitzer-museenland.de\/pl\/serwis\/kobi\/zdjecia-watkow\/","title":{"rendered":"Zdj\u0119cia nici w brandenburskim Muzeum W\u0142\u00f3kiennictwa w Forst"},"content":{"rendered":"<p>W pokazowym warsztacie sukienniczym uczniowie zapoznaj\u0105 si\u0119 z etapami pracy niezb\u0119dnymi do wytworzenia nici. Pokazy odbywaj\u0105 si\u0119 na historycznych narz\u0119dziach r\u0119cznych i maszynach z XX wieku. Procesy r\u0119czne i maszynowe s\u0105 demonstrowane na ko\u0142owrotku, nawijarce, zgrzeblarce, samoczynnej prz\u0119dzarce i prz\u0119dzarce obr\u0105czkowej oraz obja\u015bniane przez specjalist\u00f3w. W ramach kolejnych zaj\u0119\u0107 praktycznych zwiedzaj\u0105cy wykonuj\u0105 na stela\u017cu dzie\u0142o sztuki nitkowej z wielu kolorowych nici.<\/p>\n<p>Oferta odbywa si\u0119 w pomieszczeniach zamkni\u0119tych i jest skierowana do dzieci w wieku szkolnym.<br \/>\nz klas 3-6.<br \/>\nTerminy: po uzgodnieniu<br \/>\nRejestracja wst\u0119pna: co najmniej 1 tydzie\u0144 wcze\u015bniej<br \/>\nCzas trwania: ok. 1,5 godz.<br \/>\nWielko\u015b\u0107 grupy: od 5 do 30 os\u00f3b<br \/>\nWst\u0119p dla jednej osoby: 3,50 \u20ac<\/p>\n<p><a title=\"Brandenburskie Muzeum W\u0142\u00f3kiennictwa Forst (\u0141u\u017cyce) \/ Bramborski tekstilny muzej Bar\u0161\u0107 (\u0141u\u017eyca)\" href=\"\/museen\/brandenburgisches-textilmuseum-forst\/\">Brandenburskie Muzeum W\u0142\u00f3kiennictwa Forst<\/a><\/p>","protected":false},"excerpt":{"rendered":"<p>W pokazowym warsztacie sukiennika uczniowie do\u015bwiadczaj\u0105 etap\u00f3w pracy, kt\u00f3re s\u0105 niezb\u0119dne do wytworzenia nici. Pokazy odbywaj\u0105 si\u0119 na zabytkowych narz\u0119dziach r\u0119cznych oraz maszynach z XX wieku. Procesy r\u0119czne i maszynowe s\u0105 demonstrowane na ko\u0142owrotku, nawijarce, zgrzeblarce do pr\u00f3bek, samoczynnej prz\u0119dzarce i prz\u0119dzarce obr\u0105czkowej oraz obja\u015bniane przez specjalist\u00f3w. W p\u00f3\u017aniejszej pracy praktycznej<\/p>","protected":false},"author":13,"featured_media":0,"parent":380,"menu_order":0,"comment_status":"closed","ping_status":"closed","template":"","meta":[],"_links":{"self":[{"href":"https:\/\/www.lausitzer-museenland.de\/pl\/wp-json\/wp\/v2\/pages\/650"}],"collection":[{"href":"https:\/\/www.lausitzer-museenland.de\/pl\/wp-json\/wp\/v2\/pages"}],"about":[{"href":"https:\/\/www.lausitzer-museenland.de\/pl\/wp-json\/wp\/v2\/types\/page"}],"author":[{"embeddable":true,"href":"https:\/\/www.lausitzer-museenland.de\/pl\/wp-json\/wp\/v2\/users\/13"}],"replies":[{"embeddable":true,"href":"https:\/\/www.lausitzer-museenland.de\/pl\/wp-json\/wp\/v2\/comments?post=650"}],"version-history":[{"count":4,"href":"https:\/\/www.lausitzer-museenland.de\/pl\/wp-json\/wp\/v2\/pages\/650\/revisions"}],"predecessor-version":[{"id":10017,"href":"https:\/\/www.lausitzer-museenland.de\/pl\/wp-json\/wp\/v2\/pages\/650\/revisions\/10017"}],"up":[{"embeddable":true,"href":"https:\/\/www.lausitzer-museenland.de\/pl\/wp-json\/wp\/v2\/pages\/380"}],"wp:attachment":[{"href":"https:\/\/www.lausitzer-museenland.de\/pl\/wp-json\/wp\/v2\/media?parent=650"}],"curies":[{"name":"wp","href":"https:\/\/api.w.org\/{rel}","templated":true}]}}