{"id":654,"date":"2014-11-14T17:48:10","date_gmt":"2014-11-14T16:48:10","guid":{"rendered":"http:\/\/lausitzer-museenland.de\/?page_id=654"},"modified":"2017-04-05T13:13:27","modified_gmt":"2017-04-05T12:13:27","slug":"herzen-aus-stoff","status":"publish","type":"page","link":"https:\/\/www.lausitzer-museenland.de\/pl\/serwis\/kobi\/hearts-of-fabric\/","title":{"rendered":"Serca z tkaniny w Brandenburskim Muzeum Tekstyli\u00f3w w Forst"},"content":{"rendered":"<p>W warsztacie sukienniczym uczniowie dowiaduj\u0105 si\u0119, jak powstaj\u0105 tkaniny. Widz\u0105 i s\u0142ysz\u0105, jak wykonywano prac\u0119 przy u\u017cyciu historycznych narz\u0119dzi r\u0119cznych i maszyn. W szczeg\u00f3lno\u015bci mog\u0105 oni \u015bledzi\u0107 rozw\u00f3j techniczny od krosna r\u0119cznego do mechanicznego. Ponadto zwiedzaj\u0105cy dowiedz\u0105 si\u0119 wielu interesuj\u0105cych fakt\u00f3w na temat historycznego rozwoju techniki r\u0119kodzielniczej \"patchwork\" w ramach kr\u00f3tkiego wprowadzenia. Patchwork\" w t\u0142umaczeniu oznacza \"mozaik\u0119\". Uczniowie pracuj\u0105 w prostej technice klejenia patchworku. Zestawiaj\u0105 ze sob\u0105 r\u00f3\u017cnokolorowe, wzorzyste kawa\u0142ki materia\u0142u i \u0142\u0105cz\u0105 je za pomoc\u0105 klejenia i szycia.<\/p>\n<p>Oferta odbywa si\u0119 w pomieszczeniach zamkni\u0119tych i jest skierowana do dzieci w wieku szkolnym.<br \/>\nz klas 3-6.<br \/>\nTerminy: po uzgodnieniu<br \/>\nRejestracja wst\u0119pna: co najmniej 1 tydzie\u0144 wcze\u015bniej<br \/>\nCzas trwania: ok. 2 godz.<br \/>\nWielko\u015b\u0107 grupy: od 5 do 30 os\u00f3b<br \/>\nWst\u0119p dla jednej osoby: 3,50 \u20ac<\/p>\n<p><a title=\"Brandenburskie Muzeum W\u0142\u00f3kiennictwa Forst (\u0141u\u017cyce) \/ Bramborski tekstilny muzej Bar\u0161\u0107 (\u0141u\u017eyca)\" href=\"\/museen\/brandenburgisches-textilmuseum-forst\/\">Brandenburskie Muzeum W\u0142\u00f3kiennictwa Forst<\/a><\/p>","protected":false},"excerpt":{"rendered":"<p>W pracowni sukiennika uczniowie dowiaduj\u0105 si\u0119, jak powstaje tkanina. Widz\u0105 i s\u0142ysz\u0105 jak wykonywano prac\u0119 na zabytkowych narz\u0119dziach r\u0119cznych i maszynach. W szczeg\u00f3lno\u015bci mog\u0105 oni \u015bledzi\u0107 rozw\u00f3j techniczny od krosna r\u0119cznego do mechanicznego. Ponadto zwiedzaj\u0105cy w kr\u00f3tkim wst\u0119pie dowiaduj\u0105 si\u0119 wielu ciekawostek o historycznym rozwoju techniki r\u0119kodzielniczej \"patchwork\". \"patchwork<\/p>","protected":false},"author":13,"featured_media":0,"parent":380,"menu_order":0,"comment_status":"closed","ping_status":"closed","template":"","meta":[],"_links":{"self":[{"href":"https:\/\/www.lausitzer-museenland.de\/pl\/wp-json\/wp\/v2\/pages\/654"}],"collection":[{"href":"https:\/\/www.lausitzer-museenland.de\/pl\/wp-json\/wp\/v2\/pages"}],"about":[{"href":"https:\/\/www.lausitzer-museenland.de\/pl\/wp-json\/wp\/v2\/types\/page"}],"author":[{"embeddable":true,"href":"https:\/\/www.lausitzer-museenland.de\/pl\/wp-json\/wp\/v2\/users\/13"}],"replies":[{"embeddable":true,"href":"https:\/\/www.lausitzer-museenland.de\/pl\/wp-json\/wp\/v2\/comments?post=654"}],"version-history":[{"count":4,"href":"https:\/\/www.lausitzer-museenland.de\/pl\/wp-json\/wp\/v2\/pages\/654\/revisions"}],"predecessor-version":[{"id":11337,"href":"https:\/\/www.lausitzer-museenland.de\/pl\/wp-json\/wp\/v2\/pages\/654\/revisions\/11337"}],"up":[{"embeddable":true,"href":"https:\/\/www.lausitzer-museenland.de\/pl\/wp-json\/wp\/v2\/pages\/380"}],"wp:attachment":[{"href":"https:\/\/www.lausitzer-museenland.de\/pl\/wp-json\/wp\/v2\/media?parent=654"}],"curies":[{"name":"wp","href":"https:\/\/api.w.org\/{rel}","templated":true}]}}