{"id":657,"date":"2014-11-14T17:49:16","date_gmt":"2014-11-14T16:49:16","guid":{"rendered":"http:\/\/lausitzer-museenland.de\/?page_id=657"},"modified":"2017-04-05T13:03:54","modified_gmt":"2017-04-05T12:03:54","slug":"hochwasser-und-seine-folgen","status":"publish","type":"page","link":"https:\/\/www.lausitzer-museenland.de\/pl\/serwis\/kobi\/powodzie-i-ich-skutki\/","title":{"rendered":"Powodzie i ich skutki w brandenburskim Muzeum W\u0142\u00f3kiennictwa Forst"},"content":{"rendered":"<p>Uczniowie poznaj\u0105 interesuj\u0105ce fakty dotycz\u0105ce kl\u0119ski powodzi w Forst i okolicach, przedstawione w formie s\u0142ownej i obrazkowej. W do\u0142\u0105czonej broszurze wyja\u015bniono r\u00f3\u017cne terminy zwi\u0105zane z powodziami. Z relacji prasowych uczniowie dowiaduj\u0105 si\u0119 o nocy, w kt\u00f3rej dosz\u0142o do katastrofy w 1897 r. Efekty dzia\u0142ania fal powodziowych s\u0105 symulowane na modelu przedstawiaj\u0105cym powierzchni\u0119 ziemi w przekroju poprzecznym.<\/p>\n<p>Zaj\u0119cia: praca z do\u0142\u0105czon\u0105 broszur\u0105, obserwacja procesu w modelu powodziowym, budowa muru z work\u00f3w z piaskiem<\/p>\n<p>Oferta odbywa si\u0119 w pomieszczeniach i na zewn\u0105trz i jest skierowana do dzieci w wieku szkolnym.<br \/>\nz klas 3-6.<br \/>\nTerminy: po uzgodnieniu<br \/>\nRejestracja wst\u0119pna: co najmniej 1 tydzie\u0144 wcze\u015bniej<br \/>\nCzas trwania: ok. 2 godz.<br \/>\nWielko\u015b\u0107 grupy: od 5 do 30 os\u00f3b<br \/>\nWst\u0119p dla jednej osoby: 3,50 \u20ac<\/p>\n<p><a title=\"Brandenburskie Muzeum W\u0142\u00f3kiennictwa Forst (\u0141u\u017cyce) \/ Bramborski tekstilny muzej Bar\u0161\u0107 (\u0141u\u017eyca)\" href=\"\/museen\/brandenburgisches-textilmuseum-forst\/\">Brandenburskie Muzeum W\u0142\u00f3kiennictwa Forst<\/a><\/p>","protected":false},"excerpt":{"rendered":"<p>Uczniowie poznaj\u0105 ciekawe fakty dotycz\u0105ce kl\u0119sk powodziowych w Forst i okolicach w s\u0142owach i obrazach. Ksi\u0105\u017ceczka wyja\u015bnia r\u00f3\u017cne poj\u0119cia zwi\u0105zane z powodzi\u0105. Z historycznych doniesie\u0144 prasowych uczniowie dowiaduj\u0105 si\u0119 o nocy, w kt\u00f3rej dosz\u0142o do katastrofy w 1897 r. Do zilustrowania skutk\u00f3w powodzi s\u0142u\u017cy model przedstawiaj\u0105cy przekr\u00f3j powierzchni ziemi.<\/p>","protected":false},"author":13,"featured_media":0,"parent":380,"menu_order":0,"comment_status":"closed","ping_status":"closed","template":"","meta":[],"_links":{"self":[{"href":"https:\/\/www.lausitzer-museenland.de\/pl\/wp-json\/wp\/v2\/pages\/657"}],"collection":[{"href":"https:\/\/www.lausitzer-museenland.de\/pl\/wp-json\/wp\/v2\/pages"}],"about":[{"href":"https:\/\/www.lausitzer-museenland.de\/pl\/wp-json\/wp\/v2\/types\/page"}],"author":[{"embeddable":true,"href":"https:\/\/www.lausitzer-museenland.de\/pl\/wp-json\/wp\/v2\/users\/13"}],"replies":[{"embeddable":true,"href":"https:\/\/www.lausitzer-museenland.de\/pl\/wp-json\/wp\/v2\/comments?post=657"}],"version-history":[{"count":5,"href":"https:\/\/www.lausitzer-museenland.de\/pl\/wp-json\/wp\/v2\/pages\/657\/revisions"}],"predecessor-version":[{"id":10347,"href":"https:\/\/www.lausitzer-museenland.de\/pl\/wp-json\/wp\/v2\/pages\/657\/revisions\/10347"}],"up":[{"embeddable":true,"href":"https:\/\/www.lausitzer-museenland.de\/pl\/wp-json\/wp\/v2\/pages\/380"}],"wp:attachment":[{"href":"https:\/\/www.lausitzer-museenland.de\/pl\/wp-json\/wp\/v2\/media?parent=657"}],"curies":[{"name":"wp","href":"https:\/\/api.w.org\/{rel}","templated":true}]}}