{"id":678,"date":"2014-11-14T17:58:19","date_gmt":"2014-11-14T16:58:19","guid":{"rendered":"http:\/\/lausitzer-museenland.de\/?page_id=678"},"modified":"2014-12-17T17:53:02","modified_gmt":"2014-12-17T16:53:02","slug":"ausgraben-wie-die-archaeologen","status":"publish","type":"page","link":"https:\/\/www.lausitzer-museenland.de\/pl\/serwis\/kobi\/wykopaliska-jak-archeolodzy\/","title":{"rendered":"Wykopa\u0107 kiedy\u015b jak archeolodzy z Centrum Archeologicznego w Welzow"},"content":{"rendered":"<p>Zwiedzaj\u0105cy dowiaduj\u0105 si\u0119 o wykopaliskach: czym jest znalezisko archeologiczne i jak odkrywa si\u0119 wszystkie pi\u0119kne rzeczy, kt\u00f3re ono kryje? \u0141opata, kielnia i skrobaczka, ale tak\u017ce papier i o\u0142\u00f3wek s\u0105 potrzebne, aby pod\u0105\u017ca\u0107 za krokami archeologa, a\u017c w ko\u0144cu naczynie z epoki kamienia, br\u0105zu lub \u017celaza zostanie wydobyte z ziemi i ka\u017cdy b\u0119dzie m\u00f3g\u0142 je podziwia\u0107.<\/p>\n<p>Centrum Archeotechniczne pracuje z replikami. Oznacza to, \u017ce je\u015bli jakie\u015b naczynie ulegnie zniszczeniu podczas wykopalisk - nic nie szkodzi, grupa robocza ds. ceramiki archeologicznej wykona nowe. Krzemienie znalezione w obiektach z epoki kamiennej s\u0105 \u015bwie\u017co \u015bci\u0119te, a wi\u0119c ostre!<\/p>\n<p>Oferta odbywa si\u0119 na \u015bwie\u017cym powietrzu i jest skierowana do uczni\u00f3w szk\u00f3\u0142<br \/>\nKlasy od 1 do 10.<br \/>\nTerminy: po uzgodnieniu<br \/>\nKonieczna wcze\u015bniejsza rezerwacja: co najmniej 2 tygodnie wcze\u015bniej<br \/>\nCzas trwania: co najmniej 4 godziny (i d\u0142u\u017cej)<br \/>\nWielko\u015b\u0107 grupy: od 10 do 25 os\u00f3b<br \/>\nWst\u0119p dla jednej osoby: 8,00 EUR<br \/>\nDo dokumentacji mo\u017cna przynie\u015b\u0107 aparaty fotograficzne lub telefony kom\u00f3rkowe.<\/p>\n<p><a title=\"Centrum Archeotechniczne w Welzow\" href=\"\/museen\/archaeotechnisches-zentrum-welzow\/\">Centrum Archeotechniczne w Welzow<\/a><\/p>","protected":false},"excerpt":{"rendered":"<p>Zwiedzaj\u0105cy dowiaduj\u0105 si\u0119 o wykopaliskach: czym jest znalezisko archeologiczne i jak odkry\u0107 wszystkie pi\u0119kne rzeczy, kt\u00f3re kryje w sobie? \u0141opata, kielnia i skrobaczka, ale tak\u017ce papier i o\u0142\u00f3wek s\u0105 potrzebne, aby \u015bledzi\u0107 kroki archeologa, a\u017c do ostatecznego wydobycia naczynia z epoki kamienia, epoki br\u0105zu lub epoki \u017celaza z<\/p>","protected":false},"author":13,"featured_media":0,"parent":380,"menu_order":0,"comment_status":"closed","ping_status":"closed","template":"","meta":[],"_links":{"self":[{"href":"https:\/\/www.lausitzer-museenland.de\/pl\/wp-json\/wp\/v2\/pages\/678"}],"collection":[{"href":"https:\/\/www.lausitzer-museenland.de\/pl\/wp-json\/wp\/v2\/pages"}],"about":[{"href":"https:\/\/www.lausitzer-museenland.de\/pl\/wp-json\/wp\/v2\/types\/page"}],"author":[{"embeddable":true,"href":"https:\/\/www.lausitzer-museenland.de\/pl\/wp-json\/wp\/v2\/users\/13"}],"replies":[{"embeddable":true,"href":"https:\/\/www.lausitzer-museenland.de\/pl\/wp-json\/wp\/v2\/comments?post=678"}],"version-history":[{"count":5,"href":"https:\/\/www.lausitzer-museenland.de\/pl\/wp-json\/wp\/v2\/pages\/678\/revisions"}],"predecessor-version":[{"id":3658,"href":"https:\/\/www.lausitzer-museenland.de\/pl\/wp-json\/wp\/v2\/pages\/678\/revisions\/3658"}],"up":[{"embeddable":true,"href":"https:\/\/www.lausitzer-museenland.de\/pl\/wp-json\/wp\/v2\/pages\/380"}],"wp:attachment":[{"href":"https:\/\/www.lausitzer-museenland.de\/pl\/wp-json\/wp\/v2\/media?parent=678"}],"curies":[{"name":"wp","href":"https:\/\/api.w.org\/{rel}","templated":true}]}}