{"id":680,"date":"2014-11-14T17:59:43","date_gmt":"2014-11-14T16:59:43","guid":{"rendered":"http:\/\/lausitzer-museenland.de\/?page_id=680"},"modified":"2014-12-17T17:53:29","modified_gmt":"2014-12-17T16:53:29","slug":"eine-muetze-voll-archaeologie","status":"publish","type":"page","link":"https:\/\/www.lausitzer-museenland.de\/pl\/serwis\/kobi\/a-muetze-full-archaeology\/","title":{"rendered":"Kapka archeologii w O\u015brodku Archeotechnicznym w Welzow"},"content":{"rendered":"<p>Zwiedzaj\u0105cy poznaj\u0105 Centrum Archeotechniczne z jego wystaw\u0105, ogrodem epokowym, jeziorem Klara i instalacj\u0105 plenerow\u0105 Klein G\u00f6rigk. Po wprowadzeniu do archeologii zwiedzanie odbywa si\u0119 przez wystaw\u0119 Cz\u0142owiek - drewno - archeologia, na kt\u00f3rej nie ma witryn, a wszystko mo\u017cna dotkn\u0105\u0107 i wypr\u00f3bowa\u0107. Nast\u0119pnie odb\u0119dzie si\u0119 spacer nad jezioro Klara, gdzie drewno archeologiczne z Brandenburgii przechowywane jest jak w magazynie - tyle \u017ce pod wod\u0105! Na koniec zwiedzamy prawdziwe znaleziska archeologiczne z czas\u00f3w \u015bredniowiecza z kopalni odkrywkowej Welzow-S\u00fcd, kt\u00f3re zosta\u0142y zrekonstruowane w instalacji na wolnym powietrzu. Znajduje si\u0119 tu r\u00f3wnie\u017c jedyna \u015bredniowieczna stodo\u0142a z Brandenburgii, kt\u00f3r\u0105 uda\u0142o si\u0119 zrekonstruowa\u0107 na podstawie wynik\u00f3w wykopalisk.<\/p>\n<p>Oferta odbywa si\u0119 na \u015bwie\u017cym powietrzu i jest skierowana do uczni\u00f3w szk\u00f3\u0142<br \/>\nKlasy od 1 do 10.<br \/>\nTerminy: po uzgodnieniu<br \/>\nRejestracja wst\u0119pna: z co najmniej 2-tygodniowym wyprzedzeniem, rejestracja wst\u0119pna jest absolutnie konieczna!<br \/>\nCzas trwania: co najmniej 3 godziny (i d\u0142u\u017cej)<br \/>\nWielko\u015b\u0107 grupy: od 10 do 25 os\u00f3b<br \/>\nWst\u0119p dla jednej osoby: 10,00 EUR<\/p>\n<p>Do dokumentacji mo\u017cna przynie\u015b\u0107 aparaty fotograficzne lub telefony kom\u00f3rkowe.<\/p>\n<p><a title=\"Centrum Archeotechniczne w Welzow\" href=\"\/museen\/archaeotechnisches-zentrum-welzow\/\">Centrum Archeotechniczne w Welzow<\/a><\/p>","protected":false},"excerpt":{"rendered":"<p>Zwiedzaj\u0105cy poznaj\u0105 Centrum Archeologiczne z jego ekspozycj\u0105, ogrodem epokowym, jeziorem Klara i instalacj\u0105 plenerow\u0105 Klein G\u00f6rigk. Po wprowadzeniu do archeologii, wycieczka przechodzi przez wystaw\u0119 Cz\u0142owiek - Drewno - Archeologia; gwarantowana wolno\u015b\u0107 od witryn i wszystko do dotkni\u0119cia i wypr\u00f3bowania. Nast\u0119pnie spacer nad jezioro Klara, gdzie znajduj\u0105 si\u0119 archiwalne p\u0142yty<\/p>","protected":false},"author":13,"featured_media":0,"parent":380,"menu_order":0,"comment_status":"closed","ping_status":"closed","template":"","meta":[],"_links":{"self":[{"href":"https:\/\/www.lausitzer-museenland.de\/pl\/wp-json\/wp\/v2\/pages\/680"}],"collection":[{"href":"https:\/\/www.lausitzer-museenland.de\/pl\/wp-json\/wp\/v2\/pages"}],"about":[{"href":"https:\/\/www.lausitzer-museenland.de\/pl\/wp-json\/wp\/v2\/types\/page"}],"author":[{"embeddable":true,"href":"https:\/\/www.lausitzer-museenland.de\/pl\/wp-json\/wp\/v2\/users\/13"}],"replies":[{"embeddable":true,"href":"https:\/\/www.lausitzer-museenland.de\/pl\/wp-json\/wp\/v2\/comments?post=680"}],"version-history":[{"count":5,"href":"https:\/\/www.lausitzer-museenland.de\/pl\/wp-json\/wp\/v2\/pages\/680\/revisions"}],"predecessor-version":[{"id":3659,"href":"https:\/\/www.lausitzer-museenland.de\/pl\/wp-json\/wp\/v2\/pages\/680\/revisions\/3659"}],"up":[{"embeddable":true,"href":"https:\/\/www.lausitzer-museenland.de\/pl\/wp-json\/wp\/v2\/pages\/380"}],"wp:attachment":[{"href":"https:\/\/www.lausitzer-museenland.de\/pl\/wp-json\/wp\/v2\/media?parent=680"}],"curies":[{"name":"wp","href":"https:\/\/api.w.org\/{rel}","templated":true}]}}