{"id":686,"date":"2014-11-14T18:02:03","date_gmt":"2014-11-14T17:02:03","guid":{"rendered":"http:\/\/lausitzer-museenland.de\/?page_id=686"},"modified":"2014-12-17T17:58:53","modified_gmt":"2014-12-17T16:58:53","slug":"spaziergang-durch-steinzeit","status":"publish","type":"page","link":"https:\/\/www.lausitzer-museenland.de\/pl\/serwis\/kobi\/walk-through-the-stone-age\/","title":{"rendered":"Spacer przez epok\u0119 kamienia w Centrum Archeologicznym w Welzow"},"content":{"rendered":"<p>Zwiedzaj\u0105cy poznaj\u0105 Centrum Archeotechniczne z jego ekspozycj\u0105 i ogrodem epok. Po zapoznaniu si\u0119 z archeologi\u0105 epoki kamiennej z walizk\u0105 pe\u0142n\u0105 narz\u0119dzi i sprz\u0119t\u00f3w z epoki kamiennej, wystawa Cz\u0142owiek - drewno - archeologia pod\u0105\u017ca \u015bladami \u0142owc\u00f3w z epoki lodowcowej oraz pierwszych rolnik\u00f3w i hodowc\u00f3w byd\u0142a. W ogrodzie epoki wypr\u00f3bowuje si\u0119 techniki rzemie\u015blnicze z epoki kamiennej, przeprowadza eksperymenty ze stal\u0105 z epoki kamiennej - kamieniem krzemiennym - oraz rozpala ogie\u0144 i bawi si\u0119 nim. Dzie\u0144 projektu ko\u0144czy si\u0119 obfitym posi\u0142kiem z epoki kamiennej z domowym chlebem z glinianego pieca z epoki kamiennej.<\/p>\n<p>Program odbywa si\u0119 na \u015bwie\u017cym powietrzu i jest skierowany do uczni\u00f3w klas od 1 do 10.<br \/>\nTerminy: po uzgodnieniu<br \/>\nKonieczna wcze\u015bniejsza rezerwacja: co najmniej 2 tygodnie wcze\u015bniej<br \/>\nCzas trwania: co najmniej 4 godziny (i d\u0142u\u017cej)<br \/>\nWielko\u015b\u0107 grupy: od 10 do 25 os\u00f3b<br \/>\nWst\u0119p dla jednej osoby: 10,00 EUR<\/p>\n<p>Do dokumentacji mo\u017cna przynie\u015b\u0107 aparaty fotograficzne lub telefony kom\u00f3rkowe.<\/p>\n<p><a title=\"Centrum Archeotechniczne w Welzow\" href=\"\/museen\/archaeotechnisches-zentrum-welzow\/\">Centrum Archeotechniczne w Welzow<\/a><\/p>","protected":false},"excerpt":{"rendered":"<p>Zwiedzaj\u0105cy poznaj\u0105 Centrum Archeotechniczne z jego ekspozycj\u0105 i ogrodem epokowym. Po wprowadzeniu do archeologii epoki kamiennej z walizk\u0105 o\u015brodka pe\u0142n\u0105 narz\u0119dzi i sprz\u0119t\u00f3w z epoki kamiennej, zwiedzanie kontynuowane jest poprzez wystaw\u0119 Cz\u0142owiek - Drewno - Archeologia na tropie my\u015bliwych z epoki lodowcowej, a tak\u017ce pierwszych rolnik\u00f3w ornych i hodowc\u00f3w byd\u0142a. W ogrodzie epoki<\/p>","protected":false},"author":13,"featured_media":0,"parent":380,"menu_order":0,"comment_status":"closed","ping_status":"closed","template":"","meta":[],"_links":{"self":[{"href":"https:\/\/www.lausitzer-museenland.de\/pl\/wp-json\/wp\/v2\/pages\/686"}],"collection":[{"href":"https:\/\/www.lausitzer-museenland.de\/pl\/wp-json\/wp\/v2\/pages"}],"about":[{"href":"https:\/\/www.lausitzer-museenland.de\/pl\/wp-json\/wp\/v2\/types\/page"}],"author":[{"embeddable":true,"href":"https:\/\/www.lausitzer-museenland.de\/pl\/wp-json\/wp\/v2\/users\/13"}],"replies":[{"embeddable":true,"href":"https:\/\/www.lausitzer-museenland.de\/pl\/wp-json\/wp\/v2\/comments?post=686"}],"version-history":[{"count":6,"href":"https:\/\/www.lausitzer-museenland.de\/pl\/wp-json\/wp\/v2\/pages\/686\/revisions"}],"predecessor-version":[{"id":3667,"href":"https:\/\/www.lausitzer-museenland.de\/pl\/wp-json\/wp\/v2\/pages\/686\/revisions\/3667"}],"up":[{"embeddable":true,"href":"https:\/\/www.lausitzer-museenland.de\/pl\/wp-json\/wp\/v2\/pages\/380"}],"wp:attachment":[{"href":"https:\/\/www.lausitzer-museenland.de\/pl\/wp-json\/wp\/v2\/media?parent=686"}],"curies":[{"name":"wp","href":"https:\/\/api.w.org\/{rel}","templated":true}]}}