{"id":689,"date":"2014-11-14T18:03:18","date_gmt":"2014-11-14T17:03:18","guid":{"rendered":"http:\/\/lausitzer-museenland.de\/?page_id=689"},"modified":"2014-12-17T18:00:47","modified_gmt":"2014-12-17T17:00:47","slug":"ausstellung-in-der-alten-muehle","status":"publish","type":"page","link":"https:\/\/www.lausitzer-museenland.de\/pl\/serwis\/kobi\/wystawa-w-starym-mlynie\/","title":{"rendered":"Wystawa techniki rolniczej i sposobu \u017cycia ch\u0142op\u00f3w w \"Starym M\u0142ynie\" Proschim"},"content":{"rendered":"<p>Wycieczka do regionalnego folkloru poprzez techniki uprawy na ma\u0142\u0105 skal\u0119, \u017cycie wiejskie i rzemios\u0142o.<\/p>\n<p>Parter: historia m\u0142yna i wsi Proschim oraz wystawa modeli m\u0142yn\u00f3w i \u017caren<\/p>\n<p>I pi\u0119tro: obr\u00f3bka s\u0142omy, ubijanie mas\u0142a, pieczenie, zbo\u017ca, konserwowanie p\u0142od\u00f3w rolnych, pralnia, pomieszczenia mieszkalne, kuchnia, opieka nad dzie\u0107mi, tekstylia, maszyny rymarskie<\/p>\n<p>2 pi\u0119tro: uprawa ziemniak\u00f3w, uprawa ziemi, narz\u0119dzia ogrodnicze, szewstwo, tkactwo, prz\u0119dzalnictwo, pszczelarstwo, d\u017awigi i transmisje<\/p>\n<p>Gospodarstwo: hodowla ma\u0142ych zwierz\u0105t, ub\u00f3j domowy, piekarnia, czyszczenie pralni, wystawa rower\u00f3w<\/p>\n<p>Program odbywa si\u0119 w \"Alte M\u00fchle\" i na M\u00fchlenhof. Jest on skierowany do uczni\u00f3w klas 1-12.<br \/>\nRejestracja wst\u0119pna: tydzie\u0144 przed<br \/>\nCzas trwania: ok. 2 godz.<br \/>\nWielko\u015b\u0107 grupy: od 10 do 40 os\u00f3b<br \/>\nWst\u0119p dla jednej osoby: 1,50 \u20ac<\/p>\n<p><a title=\"&quot;Alte M\u00fchle&quot; Proschim \/ &quot;Stary m\u0142yn&quot; Pro\u017eym\" href=\"\/museen\/alte-muehle-proschim\/\">\"Stary M\u0142yn\" Proschim<\/a><\/p>","protected":false},"excerpt":{"rendered":"<p>Wycieczka do regionalnego folkloru poprzez drobn\u0105 technik\u0119 rolnicz\u0105 oraz \u017cycie wiejskie i rzemios\u0142o. Parter: historia m\u0142yna i wsi Proschim oraz wystawa modeli m\u0142yn\u00f3w i \u017caren I pi\u0119tro: obr\u00f3bka s\u0142omy, ubijanie mas\u0142a, pieczenie, rodzaje zb\u00f3\u017c, konserwacja zebranych plon\u00f3w, opieka nad praniem, pomieszczenia mieszkalne, kuchnia, opieka nad dzie\u0107mi, tkaniny, maszyna rymarska II pi\u0119tro: uprawa ziemniak\u00f3w, uprawa ziemi, narz\u0119dzia ogrodnicze, szewstwo, tkactwo, prz\u0119dzenie, pszczelarstwo, winda i plac przesy\u0142owy:<\/p>","protected":false},"author":13,"featured_media":0,"parent":380,"menu_order":0,"comment_status":"closed","ping_status":"closed","template":"","meta":[],"_links":{"self":[{"href":"https:\/\/www.lausitzer-museenland.de\/pl\/wp-json\/wp\/v2\/pages\/689"}],"collection":[{"href":"https:\/\/www.lausitzer-museenland.de\/pl\/wp-json\/wp\/v2\/pages"}],"about":[{"href":"https:\/\/www.lausitzer-museenland.de\/pl\/wp-json\/wp\/v2\/types\/page"}],"author":[{"embeddable":true,"href":"https:\/\/www.lausitzer-museenland.de\/pl\/wp-json\/wp\/v2\/users\/13"}],"replies":[{"embeddable":true,"href":"https:\/\/www.lausitzer-museenland.de\/pl\/wp-json\/wp\/v2\/comments?post=689"}],"version-history":[{"count":7,"href":"https:\/\/www.lausitzer-museenland.de\/pl\/wp-json\/wp\/v2\/pages\/689\/revisions"}],"predecessor-version":[{"id":3670,"href":"https:\/\/www.lausitzer-museenland.de\/pl\/wp-json\/wp\/v2\/pages\/689\/revisions\/3670"}],"up":[{"embeddable":true,"href":"https:\/\/www.lausitzer-museenland.de\/pl\/wp-json\/wp\/v2\/pages\/380"}],"wp:attachment":[{"href":"https:\/\/www.lausitzer-museenland.de\/pl\/wp-json\/wp\/v2\/media?parent=689"}],"curies":[{"name":"wp","href":"https:\/\/api.w.org\/{rel}","templated":true}]}}